{"id":6970,"date":"2023-09-17T17:07:15","date_gmt":"2023-09-17T14:07:15","guid":{"rendered":"https:\/\/tiosearesort.morecreatives-dev.com\/gallery\/"},"modified":"2025-03-17T05:11:22","modified_gmt":"2025-03-17T02:11:22","slug":"gallery","status":"publish","type":"page","link":"https:\/\/tiosearesort.com\/tr\/gallery\/","title":{"rendered":"Galeri"},"content":{"rendered":"\t\t<div data-elementor-type=\"wp-post\" data-elementor-id=\"6970\" class=\"elementor elementor-6970 elementor-3460\">\n\t\t\t\t\t\t<section class=\"elementor-section elementor-top-section elementor-element elementor-element-8a52f92 elementor-section-full_width elementor-section-stretched elementor-section-height-default elementor-section-height-default\" data-id=\"8a52f92\" data-element_type=\"section\" data-settings=\"{&quot;background_background&quot;:&quot;classic&quot;,&quot;stretch_section&quot;:&quot;section-stretched&quot;,&quot;hoteller_ext_is_background_parallax&quot;:&quot;false&quot;,&quot;hoteller_ext_is_background_backdrop&quot;:&quot;false&quot;,&quot;hoteller_ext_is_background_on_scroll&quot;:&quot;false&quot;}\">\n\t\t\t\t\t\t\t<div class=\"elementor-background-overlay\"><\/div>\n\t\t\t\t\t\t\t<div class=\"elementor-container elementor-column-gap-default\">\n\t\t\t\t\t<div class=\"elementor-column elementor-col-100 elementor-top-column elementor-element elementor-element-1b3cc5c\" data-id=\"1b3cc5c\" data-element_type=\"column\" data-settings=\"{&quot;hoteller_ext_link_sidemenu&quot;:&quot;false&quot;,&quot;hoteller_ext_link_fullmenu&quot;:&quot;false&quot;,&quot;hoteller_ext_link_closed_fullmenu&quot;:&quot;false&quot;,&quot;hoteller_ext_is_scrollme&quot;:&quot;false&quot;,&quot;hoteller_ext_is_smoove&quot;:&quot;false&quot;,&quot;hoteller_ext_is_parallax_mouse&quot;:&quot;false&quot;,&quot;hoteller_ext_is_infinite&quot;:&quot;false&quot;,&quot;hoteller_ext_is_fadeout_animation&quot;:&quot;false&quot;,&quot;hoteller_ext_mobile_static&quot;:&quot;false&quot;}\">\n\t\t\t<div class=\"elementor-widget-wrap elementor-element-populated\">\n\t\t\t\t\t\t<div class=\"elementor-element elementor-element-3e2c3c4 elementor-invisible elementor-widget elementor-widget-heading\" data-id=\"3e2c3c4\" data-element_type=\"widget\" data-settings=\"{&quot;_animation&quot;:&quot;fadeIn&quot;,&quot;hoteller_ext_link_sidemenu&quot;:&quot;false&quot;,&quot;hoteller_ext_link_fullmenu&quot;:&quot;false&quot;,&quot;hoteller_ext_link_closed_fullmenu&quot;:&quot;false&quot;,&quot;hoteller_ext_is_scrollme&quot;:&quot;false&quot;,&quot;hoteller_ext_is_smoove&quot;:&quot;false&quot;,&quot;hoteller_ext_is_parallax_mouse&quot;:&quot;false&quot;,&quot;hoteller_ext_is_infinite&quot;:&quot;false&quot;,&quot;hoteller_ext_is_fadeout_animation&quot;:&quot;false&quot;,&quot;hoteller_ext_mobile_static&quot;:&quot;false&quot;}\" data-widget_type=\"heading.default\">\n\t\t\t\t<div class=\"elementor-widget-container\">\n\t\t\t<style>\/*! elementor - v3.21.0 - 15-04-2024 *\/\n.elementor-heading-title{padding:0;margin:0;line-height:1}.elementor-widget-heading .elementor-heading-title[class*=elementor-size-]>a{color:inherit;font-size:inherit;line-height:inherit}.elementor-widget-heading .elementor-heading-title.elementor-size-small{font-size:15px}.elementor-widget-heading .elementor-heading-title.elementor-size-medium{font-size:19px}.elementor-widget-heading .elementor-heading-title.elementor-size-large{font-size:29px}.elementor-widget-heading .elementor-heading-title.elementor-size-xl{font-size:39px}.elementor-widget-heading .elementor-heading-title.elementor-size-xxl{font-size:59px}<\/style><h1 class=\"elementor-heading-title elementor-size-default\">Galeri<\/h1>\t\t<\/div>\n\t\t\t\t<\/div>\n\t\t\t\t\t<\/div>\n\t\t<\/div>\n\t\t\t\t\t<\/div>\n\t\t<\/section>\n\t\t\t\t<section class=\"elementor-section elementor-top-section elementor-element elementor-element-09e105d elementor-section-stretched elementor-section-boxed elementor-section-height-default elementor-section-height-default\" data-id=\"09e105d\" data-element_type=\"section\" data-settings=\"{&quot;stretch_section&quot;:&quot;section-stretched&quot;,&quot;hoteller_ext_is_background_parallax&quot;:&quot;false&quot;,&quot;hoteller_ext_is_background_backdrop&quot;:&quot;false&quot;,&quot;hoteller_ext_is_background_on_scroll&quot;:&quot;false&quot;}\">\n\t\t\t\t\t\t<div class=\"elementor-container elementor-column-gap-default\">\n\t\t\t\t\t<div class=\"elementor-column elementor-col-100 elementor-top-column elementor-element elementor-element-c68caa6\" data-id=\"c68caa6\" data-element_type=\"column\" data-settings=\"{&quot;hoteller_ext_link_sidemenu&quot;:&quot;false&quot;,&quot;hoteller_ext_link_fullmenu&quot;:&quot;false&quot;,&quot;hoteller_ext_link_closed_fullmenu&quot;:&quot;false&quot;,&quot;hoteller_ext_is_scrollme&quot;:&quot;false&quot;,&quot;hoteller_ext_is_smoove&quot;:&quot;false&quot;,&quot;hoteller_ext_is_parallax_mouse&quot;:&quot;false&quot;,&quot;hoteller_ext_is_infinite&quot;:&quot;false&quot;,&quot;hoteller_ext_is_fadeout_animation&quot;:&quot;false&quot;,&quot;hoteller_ext_mobile_static&quot;:&quot;false&quot;}\">\n\t\t\t<div class=\"elementor-widget-wrap elementor-element-populated\">\n\t\t\t\t\t\t<section class=\"elementor-section elementor-inner-section elementor-element elementor-element-aab9462 elementor-section-boxed elementor-section-height-default elementor-section-height-default\" data-id=\"aab9462\" data-element_type=\"section\" data-settings=\"{&quot;hoteller_ext_is_background_parallax&quot;:&quot;false&quot;,&quot;hoteller_ext_is_background_backdrop&quot;:&quot;false&quot;,&quot;hoteller_ext_is_background_on_scroll&quot;:&quot;false&quot;}\">\n\t\t\t\t\t\t<div class=\"elementor-container elementor-column-gap-wide\">\n\t\t\t\t\t<div class=\"elementor-column elementor-col-100 elementor-inner-column elementor-element elementor-element-f85bfc7\" data-id=\"f85bfc7\" data-element_type=\"column\" data-settings=\"{&quot;hoteller_ext_link_sidemenu&quot;:&quot;false&quot;,&quot;hoteller_ext_link_fullmenu&quot;:&quot;false&quot;,&quot;hoteller_ext_link_closed_fullmenu&quot;:&quot;false&quot;,&quot;hoteller_ext_is_scrollme&quot;:&quot;false&quot;,&quot;hoteller_ext_is_smoove&quot;:&quot;false&quot;,&quot;hoteller_ext_is_parallax_mouse&quot;:&quot;false&quot;,&quot;hoteller_ext_is_infinite&quot;:&quot;false&quot;,&quot;hoteller_ext_is_fadeout_animation&quot;:&quot;false&quot;,&quot;hoteller_ext_mobile_static&quot;:&quot;false&quot;}\">\n\t\t\t<div class=\"elementor-widget-wrap elementor-element-populated\">\n\t\t\t\t\t\t<div class=\"elementor-element elementor-element-db70bb0 elementor-widget elementor-widget-heading\" data-id=\"db70bb0\" data-element_type=\"widget\" data-settings=\"{&quot;hoteller_ext_link_sidemenu&quot;:&quot;false&quot;,&quot;hoteller_ext_link_fullmenu&quot;:&quot;false&quot;,&quot;hoteller_ext_link_closed_fullmenu&quot;:&quot;false&quot;,&quot;hoteller_ext_is_scrollme&quot;:&quot;false&quot;,&quot;hoteller_ext_is_smoove&quot;:&quot;false&quot;,&quot;hoteller_ext_is_parallax_mouse&quot;:&quot;false&quot;,&quot;hoteller_ext_is_infinite&quot;:&quot;false&quot;,&quot;hoteller_ext_is_fadeout_animation&quot;:&quot;false&quot;,&quot;hoteller_ext_mobile_static&quot;:&quot;false&quot;}\" data-widget_type=\"heading.default\">\n\t\t\t\t<div class=\"elementor-widget-container\">\n\t\t\t<h2 class=\"elementor-heading-title elementor-size-default\">\u00c7at\u0131 Kat\u0131 Manzaralar\u0131ndan Zarif \u0130\u00e7 Mekanlara<\/h2>\t\t<\/div>\n\t\t\t\t<\/div>\n\t\t\t\t\t<\/div>\n\t\t<\/div>\n\t\t\t\t\t<\/div>\n\t\t<\/section>\n\t\t\t\t\t<\/div>\n\t\t<\/div>\n\t\t\t\t\t<\/div>\n\t\t<\/section>\n\t\t\t\t<section class=\"elementor-section elementor-top-section elementor-element elementor-element-34b634c elementor-section-boxed elementor-section-height-default elementor-section-height-default\" data-id=\"34b634c\" data-element_type=\"section\" data-settings=\"{&quot;hoteller_ext_is_background_parallax&quot;:&quot;false&quot;,&quot;hoteller_ext_is_background_backdrop&quot;:&quot;false&quot;,&quot;hoteller_ext_is_background_on_scroll&quot;:&quot;false&quot;}\">\n\t\t\t\t\t\t<div class=\"elementor-container elementor-column-gap-default\">\n\t\t\t\t\t<div class=\"elementor-column elementor-col-100 elementor-top-column elementor-element elementor-element-11ce659\" data-id=\"11ce659\" data-element_type=\"column\" data-settings=\"{&quot;hoteller_ext_link_sidemenu&quot;:&quot;false&quot;,&quot;hoteller_ext_link_fullmenu&quot;:&quot;false&quot;,&quot;hoteller_ext_link_closed_fullmenu&quot;:&quot;false&quot;,&quot;hoteller_ext_is_scrollme&quot;:&quot;false&quot;,&quot;hoteller_ext_is_smoove&quot;:&quot;false&quot;,&quot;hoteller_ext_is_parallax_mouse&quot;:&quot;false&quot;,&quot;hoteller_ext_is_infinite&quot;:&quot;false&quot;,&quot;hoteller_ext_is_fadeout_animation&quot;:&quot;false&quot;,&quot;hoteller_ext_mobile_static&quot;:&quot;false&quot;}\">\n\t\t\t<div class=\"elementor-widget-wrap elementor-element-populated\">\n\t\t\t\t\t\t<div class=\"elementor-element elementor-element-906b74e elementor-widget elementor-widget-hoteller-gallery-grid\" data-id=\"906b74e\" data-element_type=\"widget\" data-settings=\"{&quot;hoteller_ext_link_sidemenu&quot;:&quot;false&quot;,&quot;hoteller_ext_link_fullmenu&quot;:&quot;false&quot;,&quot;hoteller_ext_link_closed_fullmenu&quot;:&quot;false&quot;,&quot;hoteller_ext_is_scrollme&quot;:&quot;false&quot;,&quot;hoteller_ext_is_smoove&quot;:&quot;false&quot;,&quot;hoteller_ext_is_parallax_mouse&quot;:&quot;false&quot;,&quot;hoteller_ext_is_infinite&quot;:&quot;false&quot;,&quot;hoteller_ext_is_fadeout_animation&quot;:&quot;false&quot;,&quot;hoteller_ext_mobile_static&quot;:&quot;false&quot;}\" data-widget_type=\"hoteller-gallery-grid.default\">\n\t\t\t\t<div class=\"elementor-widget-container\">\n\t\t\t<div class=\"gallery_grid_content_wrapper layout_tg_three_cols \">\n\t\t<div class=\"gallery_grid_item tg_three_cols  gallery-grid-tilt \">\n\t\t\t\t\t\t\t<a class=\"tg_gallery_lightbox\" href=\"https:\/\/tiosearesort.com\/wp-content\/uploads\/2023\/09\/ezgif.com-gif-maker-3-4-scaled.webp\" data-thumb=\"https:\/\/tiosearesort.com\/wp-content\/uploads\/2023\/09\/ezgif.com-gif-maker-3-4-300x205.webp\" data-rel=\"tg_gallery906b74e\"  >\n\t\t\t\t\t\t\t<img decoding=\"async\"  src=\"https:\/\/tiosearesort.com\/wp-content\/uploads\/2023\/09\/ezgif.com-gif-maker-3-4-700x466.webp\" class=\"\" alt=\"\" \/>\n\t\t\t\t\t\t\t<\/a>\n\t\t\t\t\t<\/div>\n\t\t<div class=\"gallery_grid_item tg_three_cols  gallery-grid-tilt \">\n\t\t\t\t\t\t\t<a class=\"tg_gallery_lightbox\" href=\"https:\/\/tiosearesort.com\/wp-content\/uploads\/2023\/09\/ezgif.com-gif-maker-scaled.webp\" data-thumb=\"https:\/\/tiosearesort.com\/wp-content\/uploads\/2023\/09\/ezgif.com-gif-maker-300x200.webp\" data-rel=\"tg_gallery906b74e\"  >\n\t\t\t\t\t\t\t<img decoding=\"async\"  src=\"https:\/\/tiosearesort.com\/wp-content\/uploads\/2023\/09\/ezgif.com-gif-maker-700x466.webp\" class=\"\" alt=\"\" \/>\n\t\t\t\t\t\t\t<\/a>\n\t\t\t\t\t<\/div>\n\t\t<div class=\"gallery_grid_item tg_three_cols last gallery-grid-tilt \">\n\t\t\t\t\t\t\t<a class=\"tg_gallery_lightbox\" href=\"https:\/\/tiosearesort.com\/wp-content\/uploads\/2024\/08\/GYM.png\" data-thumb=\"https:\/\/tiosearesort.com\/wp-content\/uploads\/2024\/08\/GYM-300x200.png\" data-rel=\"tg_gallery906b74e\"  >\n\t\t\t\t\t\t\t<img decoding=\"async\"  src=\"https:\/\/tiosearesort.com\/wp-content\/uploads\/2024\/08\/GYM-700x466.png\" class=\"\" alt=\"\" \/>\n\t\t\t\t\t\t\t<\/a>\n\t\t\t\t\t<\/div>\n\t\t<div class=\"gallery_grid_item tg_three_cols  gallery-grid-tilt \">\n\t\t\t\t\t\t\t<a class=\"tg_gallery_lightbox\" href=\"https:\/\/tiosearesort.com\/wp-content\/uploads\/2024\/08\/ROOM1.png\" data-thumb=\"https:\/\/tiosearesort.com\/wp-content\/uploads\/2024\/08\/ROOM1-300x200.png\" data-rel=\"tg_gallery906b74e\"  >\n\t\t\t\t\t\t\t<img decoding=\"async\"  src=\"https:\/\/tiosearesort.com\/wp-content\/uploads\/2024\/08\/ROOM1-700x466.png\" class=\"\" alt=\"\" \/>\n\t\t\t\t\t\t\t<\/a>\n\t\t\t\t\t<\/div>\n\t\t<div class=\"gallery_grid_item tg_three_cols  gallery-grid-tilt \">\n\t\t\t\t\t\t\t<a class=\"tg_gallery_lightbox\" href=\"https:\/\/tiosearesort.com\/wp-content\/uploads\/2023\/09\/DSC_3533-min-scaled.jpg\" data-thumb=\"https:\/\/tiosearesort.com\/wp-content\/uploads\/2023\/09\/DSC_3533-min-300x200.jpg\" data-rel=\"tg_gallery906b74e\"  >\n\t\t\t\t\t\t\t<img decoding=\"async\"  src=\"https:\/\/tiosearesort.com\/wp-content\/uploads\/2023\/09\/DSC_3533-min-700x466.jpg\" class=\"\" alt=\"\" \/>\n\t\t\t\t\t\t\t<\/a>\n\t\t\t\t\t<\/div>\n\t\t<div class=\"gallery_grid_item tg_three_cols last gallery-grid-tilt \">\n\t\t\t\t\t\t\t<a class=\"tg_gallery_lightbox\" href=\"https:\/\/tiosearesort.com\/wp-content\/uploads\/2023\/09\/DSC_3526-min-scaled.jpg\" data-thumb=\"https:\/\/tiosearesort.com\/wp-content\/uploads\/2023\/09\/DSC_3526-min-300x200.jpg\" data-rel=\"tg_gallery906b74e\"  >\n\t\t\t\t\t\t\t<img decoding=\"async\"  src=\"https:\/\/tiosearesort.com\/wp-content\/uploads\/2023\/09\/DSC_3526-min-700x466.jpg\" class=\"\" alt=\"\" \/>\n\t\t\t\t\t\t\t<\/a>\n\t\t\t\t\t<\/div>\n\t\t<div class=\"gallery_grid_item tg_three_cols  gallery-grid-tilt \">\n\t\t\t\t\t\t\t<a class=\"tg_gallery_lightbox\" href=\"https:\/\/tiosearesort.com\/wp-content\/uploads\/2023\/09\/DSC_3551-min-scaled.jpg\" data-thumb=\"https:\/\/tiosearesort.com\/wp-content\/uploads\/2023\/09\/DSC_3551-min-300x200.jpg\" data-rel=\"tg_gallery906b74e\"  >\n\t\t\t\t\t\t\t<img decoding=\"async\"  src=\"https:\/\/tiosearesort.com\/wp-content\/uploads\/2023\/09\/DSC_3551-min-700x466.jpg\" class=\"\" alt=\"\" \/>\n\t\t\t\t\t\t\t<\/a>\n\t\t\t\t\t<\/div>\n\t\t<div class=\"gallery_grid_item tg_three_cols  gallery-grid-tilt \">\n\t\t\t\t\t\t\t<a class=\"tg_gallery_lightbox\" href=\"https:\/\/tiosearesort.com\/wp-content\/uploads\/2023\/09\/DSC_3561-min-scaled.webp\" data-thumb=\"https:\/\/tiosearesort.com\/wp-content\/uploads\/2023\/09\/DSC_3561-min-300x200.webp\" data-rel=\"tg_gallery906b74e\"  >\n\t\t\t\t\t\t\t<img decoding=\"async\"  src=\"https:\/\/tiosearesort.com\/wp-content\/uploads\/2023\/09\/DSC_3561-min-700x466.webp\" class=\"\" alt=\"\" \/>\n\t\t\t\t\t\t\t<\/a>\n\t\t\t\t\t<\/div>\n\t\t<div class=\"gallery_grid_item tg_three_cols last gallery-grid-tilt \">\n\t\t\t\t\t\t\t<a class=\"tg_gallery_lightbox\" href=\"https:\/\/tiosearesort.com\/wp-content\/uploads\/2023\/09\/DSC_3469-min-scaled.webp\" data-thumb=\"https:\/\/tiosearesort.com\/wp-content\/uploads\/2023\/09\/DSC_3469-min-300x200.webp\" data-rel=\"tg_gallery906b74e\"  >\n\t\t\t\t\t\t\t<img decoding=\"async\"  src=\"https:\/\/tiosearesort.com\/wp-content\/uploads\/2023\/09\/DSC_3469-min-700x466.webp\" class=\"\" alt=\"\" \/>\n\t\t\t\t\t\t\t<\/a>\n\t\t\t\t\t<\/div>\n\t\t<div class=\"gallery_grid_item tg_three_cols  gallery-grid-tilt \">\n\t\t\t\t\t\t\t<a class=\"tg_gallery_lightbox\" href=\"https:\/\/tiosearesort.com\/wp-content\/uploads\/2024\/06\/DSC_7745-min-scaled.jpg\" data-thumb=\"https:\/\/tiosearesort.com\/wp-content\/uploads\/2024\/06\/DSC_7745-min-300x200.jpg\" data-rel=\"tg_gallery906b74e\"  >\n\t\t\t\t\t\t\t<img decoding=\"async\"  src=\"https:\/\/tiosearesort.com\/wp-content\/uploads\/2024\/06\/DSC_7745-min-700x466.jpg\" class=\"\" alt=\"\" \/>\n\t\t\t\t\t\t\t<\/a>\n\t\t\t\t\t<\/div>\n\t\t<div class=\"gallery_grid_item tg_three_cols  gallery-grid-tilt \">\n\t\t\t\t\t\t\t<a class=\"tg_gallery_lightbox\" href=\"https:\/\/tiosearesort.com\/wp-content\/uploads\/2024\/06\/DSC_7742-min-scaled.jpg\" data-thumb=\"https:\/\/tiosearesort.com\/wp-content\/uploads\/2024\/06\/DSC_7742-min-300x200.jpg\" data-rel=\"tg_gallery906b74e\"  >\n\t\t\t\t\t\t\t<img decoding=\"async\"  src=\"https:\/\/tiosearesort.com\/wp-content\/uploads\/2024\/06\/DSC_7742-min-700x466.jpg\" class=\"\" alt=\"\" \/>\n\t\t\t\t\t\t\t<\/a>\n\t\t\t\t\t<\/div>\n\t\t<div class=\"gallery_grid_item tg_three_cols last gallery-grid-tilt \">\n\t\t\t\t\t\t\t<a class=\"tg_gallery_lightbox\" href=\"https:\/\/tiosearesort.com\/wp-content\/uploads\/2024\/06\/DSC_7793-min-scaled.jpg\" data-thumb=\"https:\/\/tiosearesort.com\/wp-content\/uploads\/2024\/06\/DSC_7793-min-300x200.jpg\" data-rel=\"tg_gallery906b74e\"  >\n\t\t\t\t\t\t\t<img decoding=\"async\"  src=\"https:\/\/tiosearesort.com\/wp-content\/uploads\/2024\/06\/DSC_7793-min-700x466.jpg\" class=\"\" alt=\"\" \/>\n\t\t\t\t\t\t\t<\/a>\n\t\t\t\t\t<\/div>\n\t\t<div class=\"gallery_grid_item tg_three_cols  gallery-grid-tilt \">\n\t\t\t\t\t\t\t<a class=\"tg_gallery_lightbox\" href=\"https:\/\/tiosearesort.com\/wp-content\/uploads\/2024\/06\/DSC_8912-copy-min-scaled.jpg\" data-thumb=\"https:\/\/tiosearesort.com\/wp-content\/uploads\/2024\/06\/DSC_8912-copy-min-300x200.jpg\" data-rel=\"tg_gallery906b74e\"  >\n\t\t\t\t\t\t\t<img decoding=\"async\"  src=\"https:\/\/tiosearesort.com\/wp-content\/uploads\/2024\/06\/DSC_8912-copy-min-700x466.jpg\" class=\"\" alt=\"\" \/>\n\t\t\t\t\t\t\t<\/a>\n\t\t\t\t\t<\/div>\n\t\t<div class=\"gallery_grid_item tg_three_cols  gallery-grid-tilt \">\n\t\t\t\t\t\t\t<a class=\"tg_gallery_lightbox\" href=\"https:\/\/tiosearesort.com\/wp-content\/uploads\/2024\/06\/DSC_9000-copy-min-scaled.jpg\" data-thumb=\"https:\/\/tiosearesort.com\/wp-content\/uploads\/2024\/06\/DSC_9000-copy-min-300x200.jpg\" data-rel=\"tg_gallery906b74e\"  >\n\t\t\t\t\t\t\t<img decoding=\"async\"  src=\"https:\/\/tiosearesort.com\/wp-content\/uploads\/2024\/06\/DSC_9000-copy-min-700x466.jpg\" class=\"\" alt=\"\" \/>\n\t\t\t\t\t\t\t<\/a>\n\t\t\t\t\t<\/div>\n<br class=\"clear\"\/>\n<\/div>\n\t\t<\/div>\n\t\t\t\t<\/div>\n\t\t\t\t\t<\/div>\n\t\t<\/div>\n\t\t\t\t\t<\/div>\n\t\t<\/section>\n\t\t\t\t<section class=\"elementor-section elementor-top-section elementor-element elementor-element-b64a157 elementor-hidden-desktop elementor-hidden-tablet elementor-hidden-mobile elementor-section-boxed elementor-section-height-default elementor-section-height-default\" data-id=\"b64a157\" data-element_type=\"section\" data-settings=\"{&quot;hoteller_ext_is_background_parallax&quot;:&quot;false&quot;,&quot;hoteller_ext_is_background_backdrop&quot;:&quot;false&quot;,&quot;hoteller_ext_is_background_on_scroll&quot;:&quot;false&quot;}\">\n\t\t\t\t\t\t<div class=\"elementor-container elementor-column-gap-default\">\n\t\t\t\t\t<div class=\"elementor-column elementor-col-66 elementor-top-column elementor-element elementor-element-a5ff7a3\" data-id=\"a5ff7a3\" data-element_type=\"column\" data-settings=\"{&quot;hoteller_ext_link_sidemenu&quot;:&quot;false&quot;,&quot;hoteller_ext_link_fullmenu&quot;:&quot;false&quot;,&quot;hoteller_ext_link_closed_fullmenu&quot;:&quot;false&quot;,&quot;hoteller_ext_is_scrollme&quot;:&quot;false&quot;,&quot;hoteller_ext_is_smoove&quot;:&quot;false&quot;,&quot;hoteller_ext_is_parallax_mouse&quot;:&quot;false&quot;,&quot;hoteller_ext_is_infinite&quot;:&quot;false&quot;,&quot;hoteller_ext_is_fadeout_animation&quot;:&quot;false&quot;,&quot;hoteller_ext_mobile_static&quot;:&quot;false&quot;}\">\n\t\t\t<div class=\"elementor-widget-wrap elementor-element-populated\">\n\t\t\t\t\t\t<div class=\"elementor-element elementor-element-c995869 elementor-invisible elementor-widget elementor-widget-heading\" data-id=\"c995869\" data-element_type=\"widget\" data-settings=\"{&quot;_animation&quot;:&quot;fadeIn&quot;,&quot;hoteller_ext_link_sidemenu&quot;:&quot;false&quot;,&quot;hoteller_ext_link_fullmenu&quot;:&quot;false&quot;,&quot;hoteller_ext_link_closed_fullmenu&quot;:&quot;false&quot;,&quot;hoteller_ext_is_scrollme&quot;:&quot;false&quot;,&quot;hoteller_ext_is_smoove&quot;:&quot;false&quot;,&quot;hoteller_ext_is_parallax_mouse&quot;:&quot;false&quot;,&quot;hoteller_ext_is_infinite&quot;:&quot;false&quot;,&quot;hoteller_ext_is_fadeout_animation&quot;:&quot;false&quot;,&quot;hoteller_ext_mobile_static&quot;:&quot;false&quot;}\" data-widget_type=\"heading.default\">\n\t\t\t\t<div class=\"elementor-widget-container\">\n\t\t\t<h2 class=\"elementor-heading-title elementor-size-default\">Everything Handy<\/h2>\t\t<\/div>\n\t\t\t\t<\/div>\n\t\t\t\t<div class=\"elementor-element elementor-element-17b9cfa elementor-invisible elementor-widget elementor-widget-text-editor\" data-id=\"17b9cfa\" data-element_type=\"widget\" data-settings=\"{&quot;_animation&quot;:&quot;fadeIn&quot;,&quot;_animation_delay&quot;:100,&quot;hoteller_ext_link_sidemenu&quot;:&quot;false&quot;,&quot;hoteller_ext_link_fullmenu&quot;:&quot;false&quot;,&quot;hoteller_ext_link_closed_fullmenu&quot;:&quot;false&quot;,&quot;hoteller_ext_is_scrollme&quot;:&quot;false&quot;,&quot;hoteller_ext_is_smoove&quot;:&quot;false&quot;,&quot;hoteller_ext_is_parallax_mouse&quot;:&quot;false&quot;,&quot;hoteller_ext_is_infinite&quot;:&quot;false&quot;,&quot;hoteller_ext_is_fadeout_animation&quot;:&quot;false&quot;,&quot;hoteller_ext_mobile_static&quot;:&quot;false&quot;}\" data-widget_type=\"text-editor.default\">\n\t\t\t\t<div class=\"elementor-widget-container\">\n\t\t\t<style>\/*! elementor - v3.21.0 - 15-04-2024 *\/\n.elementor-widget-text-editor.elementor-drop-cap-view-stacked .elementor-drop-cap{background-color:#69727d;color:#fff}.elementor-widget-text-editor.elementor-drop-cap-view-framed .elementor-drop-cap{color:#69727d;border:3px solid;background-color:transparent}.elementor-widget-text-editor:not(.elementor-drop-cap-view-default) .elementor-drop-cap{margin-top:8px}.elementor-widget-text-editor:not(.elementor-drop-cap-view-default) .elementor-drop-cap-letter{width:1em;height:1em}.elementor-widget-text-editor .elementor-drop-cap{float:left;text-align:center;line-height:1;font-size:50px}.elementor-widget-text-editor .elementor-drop-cap-letter{display:inline-block}<\/style>\t\t\t\t<p>Exercitation photo booth stumptown tote bag Banksy, elit small batch freegan sed. Craft beer elit seitan exercitation, photo booth et 8-bit kale chips proident chillwave deep v laborum.\u00a0<em><strong>Aliquip veniam delectus, Marfa eiusmod Pinterest<\/strong><\/em>\u00a0in do umami readymade swag.\u00a0Selfies iPhone Kickstarter, drinking vinegar jean vinegar stumptown\u00a0yr pop-up artisan.<\/p><p>See-through delicate embroidered organza blue lining luxury acetate-mix stretch pleat detailing. Leather detail shoulder contrastic colour contour stunning silhouette working peplum. Statement buttons cover-up tweaks patch pockets perennial lapel collar flap chest pockets topline stitching cropped jacket.\u00a0<\/p><p>Effortless comfortable full leather lining eye-catching unique detail to the toe low \u2018cut-away\u2019 sides clean and sleek.\u00a0Polished finish elegant court shoe work duty stretchy slingback strap mid kitten heel this ladylike design\u00a0slingback strap mid kitten heel this ladylike design.<\/p>\t\t\t\t\t\t<\/div>\n\t\t\t\t<\/div>\n\t\t\t\t\t<\/div>\n\t\t<\/div>\n\t\t\t\t<div class=\"elementor-column elementor-col-33 elementor-top-column elementor-element elementor-element-10c4cd0\" data-id=\"10c4cd0\" data-element_type=\"column\" data-settings=\"{&quot;hoteller_ext_link_sidemenu&quot;:&quot;false&quot;,&quot;hoteller_ext_link_fullmenu&quot;:&quot;false&quot;,&quot;hoteller_ext_link_closed_fullmenu&quot;:&quot;false&quot;,&quot;hoteller_ext_is_scrollme&quot;:&quot;false&quot;,&quot;hoteller_ext_is_smoove&quot;:&quot;false&quot;,&quot;hoteller_ext_is_parallax_mouse&quot;:&quot;false&quot;,&quot;hoteller_ext_is_infinite&quot;:&quot;false&quot;,&quot;hoteller_ext_is_fadeout_animation&quot;:&quot;false&quot;,&quot;hoteller_ext_mobile_static&quot;:&quot;false&quot;}\">\n\t\t\t<div class=\"elementor-widget-wrap\">\n\t\t\t\t\t\t\t<\/div>\n\t\t<\/div>\n\t\t\t\t\t<\/div>\n\t\t<\/section>\n\t\t\t\t<\/div>\n\t\t","protected":false},"excerpt":{"rendered":"<p>Galeri \u00c7at\u0131 Kat\u0131 Manzaralar\u0131ndan Zarif \u0130\u00e7 Mekanlara Everything Handy Exercitation photo booth stumptown tote bag Banksy, elit small batch freegan sed. Craft beer elit seitan exercitation, photo booth et 8-bit kale chips proident chillwave deep v laborum.\u00a0Aliquip veniam delectus, Marfa [&hellip;]<\/p>\n","protected":false},"author":1,"featured_media":0,"parent":0,"menu_order":0,"comment_status":"closed","ping_status":"closed","template":"","meta":{"footnotes":""},"_links":{"self":[{"href":"https:\/\/tiosearesort.com\/tr\/wp-json\/wp\/v2\/pages\/6970"}],"collection":[{"href":"https:\/\/tiosearesort.com\/tr\/wp-json\/wp\/v2\/pages"}],"about":[{"href":"https:\/\/tiosearesort.com\/tr\/wp-json\/wp\/v2\/types\/page"}],"author":[{"embeddable":true,"href":"https:\/\/tiosearesort.com\/tr\/wp-json\/wp\/v2\/users\/1"}],"replies":[{"embeddable":true,"href":"https:\/\/tiosearesort.com\/tr\/wp-json\/wp\/v2\/comments?post=6970"}],"version-history":[{"count":4,"href":"https:\/\/tiosearesort.com\/tr\/wp-json\/wp\/v2\/pages\/6970\/revisions"}],"predecessor-version":[{"id":6974,"href":"https:\/\/tiosearesort.com\/tr\/wp-json\/wp\/v2\/pages\/6970\/revisions\/6974"}],"wp:attachment":[{"href":"https:\/\/tiosearesort.com\/tr\/wp-json\/wp\/v2\/media?parent=6970"}],"curies":[{"name":"wp","href":"https:\/\/api.w.org\/{rel}","templated":true}]}}